{"id":5,"date":"2023-11-03T19:24:00","date_gmt":"2023-11-03T22:24:00","guid":{"rendered":"https:\/\/id.santacruz.gob.ar\/?page_id=5"},"modified":"2023-11-12T12:52:10","modified_gmt":"2023-11-12T15:52:10","slug":"home","status":"publish","type":"page","link":"https:\/\/id.santacruz.gob.ar\/","title":{"rendered":"home"},"content":{"rendered":"<p>[et_pb_section fb_built=&#8221;1&#8243; fullwidth=&#8221;on&#8221; _builder_version=&#8221;4.23&#8243; _module_preset=&#8221;default&#8221; global_colors_info=&#8221;{}&#8221;][et_pb_fullwidth_header title=&#8221;SANTA CRUZ&#8221; text_orientation=&#8221;center&#8221; header_fullscreen=&#8221;on&#8221; button_one_text=&#8221;Repository&#8221; button_one_url=&#8221;#repo&#8221; _builder_version=&#8221;4.23&#8243; _module_preset=&#8221;default&#8221; title_font=&#8221;Poppins|700|||||||&#8221; title_font_size=&#8221;20vh&#8221; title_letter_spacing=&#8221;12px&#8221; background_enable_color=&#8221;off&#8221; background_image=&#8221;https:\/\/id.santacruz.gob.ar\/wp-content\/uploads\/2023\/11\/bg-scaled.jpg&#8221; title_text_shadow_style=&#8221;preset2&#8243; global_colors_info=&#8221;{}&#8221;]<\/p>\n<p>Repository of the province of Santa Cruz, Argentina<\/p>\n<p>[\/et_pb_fullwidth_header][\/et_pb_section][et_pb_section fb_built=&#8221;1&#8243; module_id=&#8221;repo&#8221; _builder_version=&#8221;4.23&#8243; _module_preset=&#8221;default&#8221; global_colors_info=&#8221;{}&#8221;][et_pb_row column_structure=&#8221;1_5,1_5,1_5,1_5,1_5&#8243; _builder_version=&#8221;4.23&#8243; _module_preset=&#8221;default&#8221; global_colors_info=&#8221;{}&#8221;][et_pb_column type=&#8221;1_5&#8243; _builder_version=&#8221;4.23&#8243; _module_preset=&#8221;default&#8221; global_colors_info=&#8221;{}&#8221;][et_pb_image src=&#8221;https:\/\/id.santacruz.gob.ar\/wp-content\/uploads\/2023\/11\/icono-PDF-258&#215;300-1.png&#8221; title_text=&#8221;icono-PDF-258&#215;300&#8243; url=&#8221;https:\/\/id.santacruz.gob.ar\/wp-content\/uploads\/2023\/11\/Ch-Presentacion.pdf&#8221; url_new_window=&#8221;on&#8221; _builder_version=&#8221;4.23&#8243; _module_preset=&#8221;default&#8221; max_width=&#8221;40%&#8221; module_alignment=&#8221;center&#8221; custom_margin=&#8221;||6px|||&#8221; global_colors_info=&#8221;{}&#8221;][\/et_pb_image][et_pb_text _builder_version=&#8221;4.23&#8243; _module_preset=&#8221;default&#8221; global_colors_info=&#8221;{}&#8221;]<\/p>\n<p style=\"text-align: center;\">(Ch) Presentaci\u00f3n<\/p>\n<p>[\/et_pb_text][\/et_pb_column][et_pb_column type=&#8221;1_5&#8243; _builder_version=&#8221;4.23&#8243; _module_preset=&#8221;default&#8221; global_colors_info=&#8221;{}&#8221;][et_pb_image src=&#8221;https:\/\/id.santacruz.gob.ar\/wp-content\/uploads\/2023\/11\/icono-PDF-258&#215;300-1.png&#8221; title_text=&#8221;icono-PDF-258&#215;300&#8243; url=&#8221;https:\/\/id.santacruz.gob.ar\/wp-content\/uploads\/2023\/11\/Ch-Receta-guanaco.pdf&#8221; url_new_window=&#8221;on&#8221; _builder_version=&#8221;4.23&#8243; _module_preset=&#8221;default&#8221; max_width=&#8221;40%&#8221; module_alignment=&#8221;center&#8221; custom_margin=&#8221;||6px|||&#8221; global_colors_info=&#8221;{}&#8221;][\/et_pb_image][et_pb_text _builder_version=&#8221;4.23&#8243; _module_preset=&#8221;default&#8221; global_colors_info=&#8221;{}&#8221;]<\/p>\n<p style=\"text-align: center;\">(Ch) Receta guanaco<\/p>\n<p>[\/et_pb_text][\/et_pb_column][et_pb_column type=&#8221;1_5&#8243; _builder_version=&#8221;4.23&#8243; _module_preset=&#8221;default&#8221; global_colors_info=&#8221;{}&#8221;][et_pb_image src=&#8221;https:\/\/id.santacruz.gob.ar\/wp-content\/uploads\/2023\/11\/icono-PDF-258&#215;300-1.png&#8221; title_text=&#8221;icono-PDF-258&#215;300&#8243; url=&#8221;https:\/\/id.santacruz.gob.ar\/wp-content\/uploads\/2023\/11\/En-PREPAP.pdf&#8221; url_new_window=&#8221;on&#8221; _builder_version=&#8221;4.23&#8243; _module_preset=&#8221;default&#8221; max_width=&#8221;40%&#8221; module_alignment=&#8221;center&#8221; custom_margin=&#8221;||6px|||&#8221; global_colors_info=&#8221;{}&#8221;][\/et_pb_image][et_pb_text _builder_version=&#8221;4.23&#8243; _module_preset=&#8221;default&#8221; global_colors_info=&#8221;{}&#8221;]<\/p>\n<p style=\"text-align: center;\">(En) PREPAP<\/p>\n<p>[\/et_pb_text][\/et_pb_column][et_pb_column type=&#8221;1_5&#8243; _builder_version=&#8221;4.23&#8243; _module_preset=&#8221;default&#8221; global_colors_info=&#8221;{}&#8221;][et_pb_image src=&#8221;https:\/\/id.santacruz.gob.ar\/wp-content\/uploads\/2023\/11\/icono-PDF-258&#215;300-1.png&#8221; title_text=&#8221;icono-PDF-258&#215;300&#8243; url=&#8221;https:\/\/id.santacruz.gob.ar\/wp-content\/uploads\/2023\/11\/Fr-Presentacion.pdf&#8221; url_new_window=&#8221;on&#8221; _builder_version=&#8221;4.23&#8243; _module_preset=&#8221;default&#8221; max_width=&#8221;40%&#8221; module_alignment=&#8221;center&#8221; custom_margin=&#8221;||6px|||&#8221; global_colors_info=&#8221;{}&#8221;][\/et_pb_image][et_pb_text _builder_version=&#8221;4.23&#8243; _module_preset=&#8221;default&#8221; global_colors_info=&#8221;{}&#8221;]<\/p>\n<p style=\"text-align: center;\">(Fr) Presentaci\u00f3n<\/p>\n<p>[\/et_pb_text][\/et_pb_column][et_pb_column type=&#8221;1_5&#8243; _builder_version=&#8221;4.23&#8243; _module_preset=&#8221;default&#8221; global_colors_info=&#8221;{}&#8221;][et_pb_image src=&#8221;https:\/\/id.santacruz.gob.ar\/wp-content\/uploads\/2023\/11\/icono-PDF-258&#215;300-1.png&#8221; title_text=&#8221;icono-PDF-258&#215;300&#8243; url=&#8221;https:\/\/id.santacruz.gob.ar\/wp-content\/uploads\/2023\/11\/Ch-Experiencia-Santa-Cruz.pdf&#8221; url_new_window=&#8221;on&#8221; _builder_version=&#8221;4.23&#8243; _module_preset=&#8221;default&#8221; max_width=&#8221;40%&#8221; module_alignment=&#8221;center&#8221; custom_margin=&#8221;||6px|||&#8221; global_colors_info=&#8221;{}&#8221;][\/et_pb_image][et_pb_text _builder_version=&#8221;4.23&#8243; _module_preset=&#8221;default&#8221; global_colors_info=&#8221;{}&#8221;]<\/p>\n<p style=\"text-align: center;\">(Ch) Experiencia Santa Cruz<\/p>\n<p>[\/et_pb_text][\/et_pb_column][\/et_pb_row][et_pb_row column_structure=&#8221;1_5,1_5,1_5,1_5,1_5&#8243; _builder_version=&#8221;4.23&#8243; _module_preset=&#8221;default&#8221; global_colors_info=&#8221;{}&#8221;][et_pb_column type=&#8221;1_5&#8243; _builder_version=&#8221;4.23&#8243; _module_preset=&#8221;default&#8221; global_colors_info=&#8221;{}&#8221;][et_pb_image src=&#8221;https:\/\/id.santacruz.gob.ar\/wp-content\/uploads\/2023\/11\/video-file-9.png&#8221; title_text=&#8221;video-file-9&#8243; url=&#8221;https:\/\/id.santacruz.gob.ar\/wp-content\/uploads\/2023\/11\/Hamburguesas-guanaco-y-cordero.mp4&#8243; url_new_window=&#8221;on&#8221; _builder_version=&#8221;4.23&#8243; _module_preset=&#8221;default&#8221; max_width=&#8221;40%&#8221; module_alignment=&#8221;center&#8221; custom_margin=&#8221;||6px|||&#8221; global_colors_info=&#8221;{}&#8221;][\/et_pb_image][et_pb_text _builder_version=&#8221;4.23&#8243; _module_preset=&#8221;default&#8221; global_colors_info=&#8221;{}&#8221;]<\/p>\n<p style=\"text-align: center;\">Hamburguesas guanaco y cordero<\/p>\n<p>[\/et_pb_text][\/et_pb_column][et_pb_column type=&#8221;1_5&#8243; _builder_version=&#8221;4.23&#8243; _module_preset=&#8221;default&#8221; global_colors_info=&#8221;{}&#8221;][et_pb_image src=&#8221;https:\/\/id.santacruz.gob.ar\/wp-content\/uploads\/2023\/11\/video-file-9.png&#8221; title_text=&#8221;video-file-9&#8243; url=&#8221;https:\/\/id.santacruz.gob.ar\/wp-content\/uploads\/2023\/11\/CIIE-Experiencia-Santa-Cruz-loop.mp4&#8243; url_new_window=&#8221;on&#8221; _builder_version=&#8221;4.23&#8243; _module_preset=&#8221;default&#8221; max_width=&#8221;40%&#8221; module_alignment=&#8221;center&#8221; custom_margin=&#8221;||6px|||&#8221; global_colors_info=&#8221;{}&#8221;][\/et_pb_image][et_pb_text _builder_version=&#8221;4.23&#8243; _module_preset=&#8221;default&#8221; global_colors_info=&#8221;{}&#8221;]<\/p>\n<p style=\"text-align: center;\">(CIIE) Experiencia Santa Cruz (loop)<\/p>\n<p>[\/et_pb_text][\/et_pb_column][et_pb_column type=&#8221;1_5&#8243; _builder_version=&#8221;4.23&#8243; _module_preset=&#8221;default&#8221; global_colors_info=&#8221;{}&#8221;][et_pb_image src=&#8221;https:\/\/id.santacruz.gob.ar\/wp-content\/uploads\/2023\/11\/video-file-9.png&#8221; title_text=&#8221;video-file-9&#8243; url=&#8221;https:\/\/id.santacruz.gob.ar\/wp-content\/uploads\/2023\/11\/Ch-Exposicion-Puig-y-reunion-negocios.mp4&#8243; url_new_window=&#8221;on&#8221; _builder_version=&#8221;4.23&#8243; _module_preset=&#8221;default&#8221; max_width=&#8221;40%&#8221; module_alignment=&#8221;center&#8221; custom_margin=&#8221;||6px|||&#8221; global_colors_info=&#8221;{}&#8221;][\/et_pb_image][et_pb_text _builder_version=&#8221;4.23&#8243; _module_preset=&#8221;default&#8221; global_colors_info=&#8221;{}&#8221;]<\/p>\n<p style=\"text-align: center;\">(Ch) Exposici\u00f3n Puig y reuni\u00f3n negocios<\/p>\n<p>[\/et_pb_text][\/et_pb_column][et_pb_column type=&#8221;1_5&#8243; _builder_version=&#8221;4.23&#8243; _module_preset=&#8221;default&#8221; global_colors_info=&#8221;{}&#8221;][\/et_pb_column][et_pb_column type=&#8221;1_5&#8243; _builder_version=&#8221;4.23&#8243; _module_preset=&#8221;default&#8221; global_colors_info=&#8221;{}&#8221;][\/et_pb_column][\/et_pb_row][\/et_pb_section]<\/p>\n","protected":false},"excerpt":{"rendered":"<p>Repository of the province of Santa Cruz, Argentina(Ch) Presentaci\u00f3n(Ch) Receta guanaco(En) PREPAP(Fr) Presentaci\u00f3n(Ch) Experiencia Santa CruzHamburguesas guanaco y cordero(CIIE) Experiencia Santa Cruz (loop)(Ch) Exposici\u00f3n Puig y reuni\u00f3n negocios<\/p>\n","protected":false},"author":3,"featured_media":0,"parent":0,"menu_order":0,"comment_status":"closed","ping_status":"closed","template":"","meta":{"_et_pb_use_builder":"on","_et_pb_old_content":"","_et_gb_content_width":"","footnotes":""},"class_list":["post-5","page","type-page","status-publish","hentry"],"_links":{"self":[{"href":"https:\/\/id.santacruz.gob.ar\/index.php?rest_route=\/wp\/v2\/pages\/5","targetHints":{"allow":["GET"]}}],"collection":[{"href":"https:\/\/id.santacruz.gob.ar\/index.php?rest_route=\/wp\/v2\/pages"}],"about":[{"href":"https:\/\/id.santacruz.gob.ar\/index.php?rest_route=\/wp\/v2\/types\/page"}],"author":[{"embeddable":true,"href":"https:\/\/id.santacruz.gob.ar\/index.php?rest_route=\/wp\/v2\/users\/3"}],"replies":[{"embeddable":true,"href":"https:\/\/id.santacruz.gob.ar\/index.php?rest_route=%2Fwp%2Fv2%2Fcomments&post=5"}],"version-history":[{"count":11,"href":"https:\/\/id.santacruz.gob.ar\/index.php?rest_route=\/wp\/v2\/pages\/5\/revisions"}],"predecessor-version":[{"id":40,"href":"https:\/\/id.santacruz.gob.ar\/index.php?rest_route=\/wp\/v2\/pages\/5\/revisions\/40"}],"wp:attachment":[{"href":"https:\/\/id.santacruz.gob.ar\/index.php?rest_route=%2Fwp%2Fv2%2Fmedia&parent=5"}],"curies":[{"name":"wp","href":"https:\/\/api.w.org\/{rel}","templated":true}]}}